{"id":120,"date":"2023-02-09T11:01:36","date_gmt":"2023-02-09T10:01:36","guid":{"rendered":"https:\/\/auxvieuxfours.com\/?page_id=120"},"modified":"2025-01-22T18:54:11","modified_gmt":"2025-01-22T17:54:11","slug":"les-chambres-dhotes","status":"publish","type":"page","link":"https:\/\/auxvieuxfours.com\/?page_id=120","title":{"rendered":"Les chambres d&rsquo;h\u00f4tes"},"content":{"rendered":"\t\t<div data-elementor-type=\"wp-page\" data-elementor-id=\"120\" class=\"elementor elementor-120\">\n\t\t\t\t\t\t\t\t\t<section class=\"elementor-section elementor-top-section elementor-element elementor-element-cd9bcab elementor-section-boxed elementor-section-height-default elementor-section-height-default\" data-id=\"cd9bcab\" data-element_type=\"section\">\n\t\t\t\t\t\t<div class=\"elementor-container elementor-column-gap-default\">\n\t\t\t\t\t<div class=\"elementor-column elementor-col-100 elementor-top-column elementor-element elementor-element-bb29f55\" data-id=\"bb29f55\" data-element_type=\"column\">\n\t\t\t<div class=\"elementor-widget-wrap elementor-element-populated\">\n\t\t\t\t\t\t\t\t<div class=\"elementor-element elementor-element-893896d elementor-widget elementor-widget-text-editor\" data-id=\"893896d\" data-element_type=\"widget\" data-widget_type=\"text-editor.default\">\n\t\t\t\t<div class=\"elementor-widget-container\">\n\t\t\t<style>\/*! elementor - v3.8.1 - 13-11-2022 *\/\n.elementor-widget-text-editor.elementor-drop-cap-view-stacked .elementor-drop-cap{background-color:#818a91;color:#fff}.elementor-widget-text-editor.elementor-drop-cap-view-framed .elementor-drop-cap{color:#818a91;border:3px solid;background-color:transparent}.elementor-widget-text-editor:not(.elementor-drop-cap-view-default) .elementor-drop-cap{margin-top:8px}.elementor-widget-text-editor:not(.elementor-drop-cap-view-default) .elementor-drop-cap-letter{width:1em;height:1em}.elementor-widget-text-editor .elementor-drop-cap{float:left;text-align:center;line-height:1;font-size:50px}.elementor-widget-text-editor .elementor-drop-cap-letter{display:inline-block}<\/style>\t\t\t\t<p>La propri\u00e9t\u00e9 se situe \u00e0 moins de 5 minutes de la sortie d&rsquo;autoroute A62 et \u00e0 10 minutes de la bretelle de l&rsquo;A65. Id\u00e9al pour faire une halte d&rsquo;une nuit lors de votre trajet.\u00a0<\/p>\n<p>Je propose une chambre pour deux personnes et une suite compos\u00e9e de deux pi\u00e8ces en enfilade pour 4 personnes. Chacune d&rsquo;elles dispose de sa salle salle d&rsquo;eau.<\/p>\n<p>Le petit d\u00e9jeuner est compris dans le tarif.<\/p>\n<p>Vous pourrez arriver \u00e0 partir de 16 h mais si besoin, il vous sera possible d&rsquo;arriver plus t\u00f4t. Vous pensez arriver tr\u00e8s tard, pas de probl\u00e8me, il y a une boite \u00e0 cl\u00e9s. Les chambres devront \u00eatre lib\u00e9r\u00e9es pour 10 h 30.<\/p>\n<p>Aucun probl\u00e8me pour vous stationnez, la propri\u00e9t\u00e9 est grande.<\/p>\n<p>\u00a0<\/p>\t\t\t\t\t\t<\/div>\n\t\t\t\t<\/div>\n\t\t\t\t\t<\/div>\n\t\t<\/div>\n\t\t\t\t\t\t\t<\/div>\n\t\t<\/section>\n\t\t\t\t\t\t\t<\/div>\n\t\t","protected":false},"excerpt":{"rendered":"<p>La propri\u00e9t\u00e9 se situe \u00e0 moins de 5 minutes de la sortie d&rsquo;autoroute A62 et \u00e0 10 minutes de la bretelle de l&rsquo;A65. Id\u00e9al pour faire une halte d&rsquo;une nuit lors de votre trajet.\u00a0 Je propose une chambre pour deux personnes et une suite compos\u00e9e de deux pi\u00e8ces en enfilade pour 4 personnes. Chacune d&rsquo;elles [&hellip;]<\/p>\n","protected":false},"author":1,"featured_media":0,"parent":0,"menu_order":0,"comment_status":"closed","ping_status":"closed","template":"","meta":{"om_disable_all_campaigns":false,"_mi_skip_tracking":false,"site-sidebar-layout":"default","site-content-layout":"","ast-site-content-layout":"default","site-content-style":"default","site-sidebar-style":"default","ast-global-header-display":"","ast-banner-title-visibility":"","ast-main-header-display":"","ast-hfb-above-header-display":"","ast-hfb-below-header-display":"","ast-hfb-mobile-header-display":"","site-post-title":"","ast-breadcrumbs-content":"","ast-featured-img":"","footer-sml-layout":"","theme-transparent-header-meta":"","adv-header-id-meta":"","stick-header-meta":"","header-above-stick-meta":"","header-main-stick-meta":"","header-below-stick-meta":"","astra-migrate-meta-layouts":"default","ast-page-background-enabled":"default","ast-page-background-meta":{"desktop":{"background-color":"var(--ast-global-color-4)","background-image":"","background-repeat":"repeat","background-position":"center center","background-size":"auto","background-attachment":"scroll","background-type":"","background-media":"","overlay-type":"","overlay-color":"","overlay-opacity":"","overlay-gradient":""},"tablet":{"background-color":"","background-image":"","background-repeat":"repeat","background-position":"center center","background-size":"auto","background-attachment":"scroll","background-type":"","background-media":"","overlay-type":"","overlay-color":"","overlay-opacity":"","overlay-gradient":""},"mobile":{"background-color":"","background-image":"","background-repeat":"repeat","background-position":"center center","background-size":"auto","background-attachment":"scroll","background-type":"","background-media":"","overlay-type":"","overlay-color":"","overlay-opacity":"","overlay-gradient":""}},"ast-content-background-meta":{"desktop":{"background-color":"var(--ast-global-color-5)","background-image":"","background-repeat":"repeat","background-position":"center center","background-size":"auto","background-attachment":"scroll","background-type":"","background-media":"","overlay-type":"","overlay-color":"","overlay-opacity":"","overlay-gradient":""},"tablet":{"background-color":"var(--ast-global-color-5)","background-image":"","background-repeat":"repeat","background-position":"center center","background-size":"auto","background-attachment":"scroll","background-type":"","background-media":"","overlay-type":"","overlay-color":"","overlay-opacity":"","overlay-gradient":""},"mobile":{"background-color":"var(--ast-global-color-5)","background-image":"","background-repeat":"repeat","background-position":"center center","background-size":"auto","background-attachment":"scroll","background-type":"","background-media":"","overlay-type":"","overlay-color":"","overlay-opacity":"","overlay-gradient":""}},"footnotes":""},"class_list":["post-120","page","type-page","status-publish","hentry"],"aioseo_notices":[],"_links":{"self":[{"href":"https:\/\/auxvieuxfours.com\/index.php?rest_route=\/wp\/v2\/pages\/120","targetHints":{"allow":["GET"]}}],"collection":[{"href":"https:\/\/auxvieuxfours.com\/index.php?rest_route=\/wp\/v2\/pages"}],"about":[{"href":"https:\/\/auxvieuxfours.com\/index.php?rest_route=\/wp\/v2\/types\/page"}],"author":[{"embeddable":true,"href":"https:\/\/auxvieuxfours.com\/index.php?rest_route=\/wp\/v2\/users\/1"}],"replies":[{"embeddable":true,"href":"https:\/\/auxvieuxfours.com\/index.php?rest_route=%2Fwp%2Fv2%2Fcomments&post=120"}],"version-history":[{"count":7,"href":"https:\/\/auxvieuxfours.com\/index.php?rest_route=\/wp\/v2\/pages\/120\/revisions"}],"predecessor-version":[{"id":518,"href":"https:\/\/auxvieuxfours.com\/index.php?rest_route=\/wp\/v2\/pages\/120\/revisions\/518"}],"wp:attachment":[{"href":"https:\/\/auxvieuxfours.com\/index.php?rest_route=%2Fwp%2Fv2%2Fmedia&parent=120"}],"curies":[{"name":"wp","href":"https:\/\/api.w.org\/{rel}","templated":true}]}}