{"id":132,"date":"2023-02-09T12:29:25","date_gmt":"2023-02-09T11:29:25","guid":{"rendered":"https:\/\/auxvieuxfours.com\/?page_id=132"},"modified":"2025-02-12T19:47:09","modified_gmt":"2025-02-12T18:47:09","slug":"les-environs","status":"publish","type":"page","link":"https:\/\/auxvieuxfours.com\/?page_id=132","title":{"rendered":"Les environs"},"content":{"rendered":"\t\t<div data-elementor-type=\"wp-page\" data-elementor-id=\"132\" class=\"elementor elementor-132\">\n\t\t\t\t\t\t\t\t\t<section class=\"elementor-section elementor-top-section elementor-element elementor-element-e246e84 elementor-section-boxed elementor-section-height-default elementor-section-height-default\" data-id=\"e246e84\" data-element_type=\"section\">\n\t\t\t\t\t\t<div class=\"elementor-container elementor-column-gap-default\">\n\t\t\t\t\t<div class=\"elementor-column elementor-col-100 elementor-top-column elementor-element elementor-element-a696bc2\" data-id=\"a696bc2\" data-element_type=\"column\">\n\t\t\t<div class=\"elementor-widget-wrap elementor-element-populated\">\n\t\t\t\t\t\t\t\t<div class=\"elementor-element elementor-element-a4cb89e elementor-widget elementor-widget-text-editor\" data-id=\"a4cb89e\" data-element_type=\"widget\" data-widget_type=\"text-editor.default\">\n\t\t\t\t<div class=\"elementor-widget-container\">\n\t\t\t<style>\/*! elementor - v3.8.1 - 13-11-2022 *\/\n.elementor-widget-text-editor.elementor-drop-cap-view-stacked .elementor-drop-cap{background-color:#818a91;color:#fff}.elementor-widget-text-editor.elementor-drop-cap-view-framed .elementor-drop-cap{color:#818a91;border:3px solid;background-color:transparent}.elementor-widget-text-editor:not(.elementor-drop-cap-view-default) .elementor-drop-cap{margin-top:8px}.elementor-widget-text-editor:not(.elementor-drop-cap-view-default) .elementor-drop-cap-letter{width:1em;height:1em}.elementor-widget-text-editor .elementor-drop-cap{float:left;text-align:center;line-height:1;font-size:50px}.elementor-widget-text-editor .elementor-drop-cap-letter{display:inline-block}<\/style>\t\t\t\t<p>Vous trouverez sur cette page quelques id\u00e9es de sorties, de visites sportives ou culturelles.<\/p>\t\t\t\t\t\t<\/div>\n\t\t\t\t<\/div>\n\t\t\t\t\t<\/div>\n\t\t<\/div>\n\t\t\t\t\t\t\t<\/div>\n\t\t<\/section>\n\t\t\t\t<section class=\"elementor-section elementor-top-section elementor-element elementor-element-5781911 elementor-section-boxed elementor-section-height-default elementor-section-height-default\" data-id=\"5781911\" data-element_type=\"section\">\n\t\t\t\t\t\t<div class=\"elementor-container elementor-column-gap-default\">\n\t\t\t\t\t<div class=\"elementor-column elementor-col-50 elementor-top-column elementor-element elementor-element-44e8d8d\" data-id=\"44e8d8d\" data-element_type=\"column\">\n\t\t\t<div class=\"elementor-widget-wrap elementor-element-populated\">\n\t\t\t\t\t\t\t\t<div class=\"elementor-element elementor-element-ad8e565 elementor-widget elementor-widget-text-editor\" data-id=\"ad8e565\" data-element_type=\"widget\" data-widget_type=\"text-editor.default\">\n\t\t\t\t<div class=\"elementor-widget-container\">\n\t\t\t\t\t\t\t<p><\/p>\n<hr>\n<p><span style=\"color: #0000ff;\"><span style=\"text-decoration: underline;\"><em><b>&nbsp; Id\u00e9es de sorties plein air<\/b><\/em><\/span><\/span><\/p>\n<p>Le Sud Gironde est une belle r\u00e9gion que vous pourrez d\u00e9couvrir \u00e0 pieds ou \u00e0 v\u00e9lo.<\/p>\n<ul>\n<li><i><span style=\"color: #ff6600; background-color: var(--ast-global-color-5); font-family: var( --e-global-typography-text-font-family ), Sans-serif; font-weight: inherit;\">&nbsp; &nbsp; &nbsp; La vall\u00e9e du t \u00e0 Gironde sur Dropt : <\/span><span style=\"background-color: var(--ast-global-color-5); font-family: var( --e-global-typography-text-font-family ), Sans-serif; font-weight: inherit; color: #000000;\">Prenant sa source pr\u00e8s de&nbsp; Monpazier en Dordogne, le t se jette dans la Garonne \u00e0 Casseuil et \u00e0 Caudrot. Cette rivi\u00e8re est jalonn\u00e9e d&rsquo;un patrimoine vari\u00e9 et riche : villages anciens, \u00e9glises, abbayes, chapelles, chateaux, fortifications, moulins et ponts romans.<\/span><\/i><\/li>\n<li><span style=\"font-style: inherit; font-weight: inherit; color: var( --e-global-color-text ); font-family: var( --e-global-typography-text-font-family ), Sans-serif; background-color: var(--ast-global-color-5);\"><span style=\"color: #ff6600;\">Lac de Beaupuy : <span style=\"color: #000000;\">le lac s&rsquo;\u00e9tend sur 5 hectares, il offre des activit\u00e9s de plein air pour toute la famille. Vous pourrez vous promenez autour du lac. Vous pourrez&nbsp; y p\u00eacher car le lac est class\u00e9 en 2e cat\u00e9gorie. Vous devrez \u00eatre d\u00e9tenteur d&rsquo;une carte de p\u00eache. La p\u00eache de carpe de nuit, au brochet, gardon et sandre est autoris\u00e9e.<\/span><\/span><\/span><\/li>\n<li><span style=\"font-style: inherit; font-weight: inherit; color: #ff6600; font-family: var( --e-global-typography-text-font-family ), Sans-serif; background-color: var(--ast-global-color-5);\">&nbsp;Halte Nautique de Fontet : <span style=\"color: #000000;\">Lieu id\u00e9al pour passer une journ\u00e9e en famille avec des enfants.Vous pourrez vous y baigner (baignade surveill\u00e9e en juillet et ao\u00fbt). Le parc est ombrag\u00e9. Des jeux pour enfants sont \u00e0 disposition ainsi qu&rsquo;une buvette, une aire de pique-nique et un point restauration. Vous pourrez profiter de la piste cyclable pour vous y rendre \u00e0 v\u00e9lo depuis la prorpi\u00e9t\u00e9.<\/span><\/span><\/li>\n<li><span style=\"font-style: inherit; font-weight: inherit; color: #ff6600; font-family: var( --e-global-typography-text-font-family ), Sans-serif; background-color: var(--ast-global-color-5);\">Laser game au centre \u00e9questre de La R\u00e9ole : <span style=\"color: #000000;\">Activit\u00e9 unique en Aquitaine. Une activit\u00e9, qui aliie \u00e0 la fois la maniabilit\u00e9 de l&rsquo;\u00e9quid\u00e9 et l&rsquo;adresse du tir et&nbsp; \u00e0 partager entre amis ou en famille du plus petit au plus grand.<\/span><\/span><\/li>\n<li><span style=\"font-style: inherit; font-weight: inherit; color: #ff6600; font-family: var( --e-global-typography-text-font-family ), Sans-serif; background-color: var(--ast-global-color-5);\">Espace chute libre \u00e0 l&rsquo;a\u00e9rodrome de La R\u00e9ole : <span style=\"color: #000000;\">L&rsquo;activit\u00e9 regroupe la pratique du parachutisme sous toutes ses formes (formation et perfectionnement) mais aussi les vols en ULM ou en parapente \u00e0 moteur. Vous pourrez tester le saut en tandem pour vous initier \u00e0 la chute libre.<\/span><\/span><\/li>\n<li><span style=\"font-style: inherit; font-weight: inherit; color: #ff6600; font-family: var( --e-global-typography-text-font-family ), Sans-serif; background-color: var(--ast-global-color-5);\">Terra Aventura : <span style=\"color: #000000;\">parcours \u00e0 moins de 30 minutes de la propri\u00e9t\u00e9 \u00ab\u00a0O\u00f9 est Charlut ?\u00a0\u00bb \u00e0 La R\u00e9ole ; \u00ab\u00a0Le Mercadieu tourne en barrique \u00e0 Saint- Macaire; \u00ab\u00a0Fortune compte pas pour des prunes\u00a0\u00bb \u00e0 Mons\u00e9gur; Lou qui a pas passat\u00a0\u00bb \u00e0 Sauveterr-de Guyenne, \u00ab\u00a0Mon coteau c&rsquo;est le plus beau\u00a0\u00bb \u00e0 Auros, \u00ab\u00a0Plus d&rsquo;un tour dans sa be&rsquo;zas\u00a0\u00bb \u00e0 Bazas; \u00ab\u00a0Sainte et Croix font huitre \u00e0 Sainte-Croix-du-Mon<\/span><\/span><\/li>\n<\/ul>\t\t\t\t\t\t<\/div>\n\t\t\t\t<\/div>\n\t\t\t\t<div class=\"elementor-element elementor-element-25b2fdb elementor-widget elementor-widget-text-editor\" data-id=\"25b2fdb\" data-element_type=\"widget\" data-widget_type=\"text-editor.default\">\n\t\t\t\t<div class=\"elementor-widget-container\">\n\t\t\t\t\t\t\t<p>\u00a0<\/p><hr \/><p>\u00a0<\/p><ul><li><span style=\"font-style: inherit; font-weight: inherit; color: var( --e-global-color-text ); font-family: var( --e-global-typography-text-font-family ), Sans-serif; background-color: var(--ast-global-color-5);\"><span style=\"color: #ff6600;\"><span style=\"color: #000000;\">\u00a0<\/span><\/span><\/span><\/li><\/ul>\t\t\t\t\t\t<\/div>\n\t\t\t\t<\/div>\n\t\t\t\t<div class=\"elementor-element elementor-element-afef8eb elementor-widget elementor-widget-text-editor\" data-id=\"afef8eb\" data-element_type=\"widget\" data-widget_type=\"text-editor.default\">\n\t\t\t\t<div class=\"elementor-widget-container\">\n\t\t\t\t\t\t\t<hr \/><p><span style=\"color: #0000ff;\"><span style=\"text-decoration: underline;\"><em>I<\/em><\/span><\/span><\/p><ul><li>\u00a0<\/li><\/ul>\t\t\t\t\t\t<\/div>\n\t\t\t\t<\/div>\n\t\t\t\t\t<\/div>\n\t\t<\/div>\n\t\t\t\t<div class=\"elementor-column elementor-col-50 elementor-top-column elementor-element elementor-element-183bb80\" data-id=\"183bb80\" data-element_type=\"column\">\n\t\t\t<div class=\"elementor-widget-wrap elementor-element-populated\">\n\t\t\t\t\t\t\t\t<div class=\"elementor-element elementor-element-39a617e elementor-widget elementor-widget-text-editor\" data-id=\"39a617e\" data-element_type=\"widget\" data-widget_type=\"text-editor.default\">\n\t\t\t\t<div class=\"elementor-widget-container\">\n\t\t\t\t\t\t\t<p>\u00a0<\/p><p><em style=\"font-weight: inherit; color: var( --e-global-color-text ); font-family: var( --e-global-typography-text-font-family ), Sans-serif; background-color: var(--ast-global-color-5);\"><strong><span style=\"color: #0000ff; text-decoration-line: underline;\">Id\u00e9es de visites<\/span><\/strong><\/em><\/p><p>&#8211; <span style=\"color: #ff0000;\">Grotte de Lastournelle<\/span>\u00a0et l&rsquo;un des plus beau village de France , Pujols dans le Lot et Garonne \u00e0 1 h 10 de la propri\u00e9t\u00e9. Lien : <a href=\"https:\/\/www.grotte-de-lastournelle.fr\">https:\/\/www.grotte-de-lastournelle.fr<\/a><\/p><p>&#8211; <span style=\"color: #ff0000;\">Flow la savonnerie<\/span> \u00e0 Cocumont \u00e0 7 kms. Des ateliers sont propos\u00e9s.<\/p><p>&#8211; <span style=\"color: #ff0000;\">Les villes et les villages<\/span> de La R\u00e9ole, Bazas, Saint-Macaire, Meilhan-Sur-Garonne, Casteljaloux, Marmande, Cadillac,Duras, Mons\u00e9gur, Sauveterre-de-Guyenne, Castelmorron d&rsquo;Albret, Saint-Emilion, Pondaurat, Bordeaux&#8230;&#8230;.<\/p><p>&#8211; <span style=\"color: #ff0000;\">Les ch\u00e2teaux<\/span> de Roquetaillade, de Cazeneuve, de Rauzan, de Guilleamagues, de Malrom\u00e9&#8230;.domaine de Malagar (maison de Fran\u00e7ois Mauriac)<\/p>\t\t\t\t\t\t<\/div>\n\t\t\t\t<\/div>\n\t\t\t\t<div class=\"elementor-element elementor-element-979f5f7 elementor-widget elementor-widget-text-editor\" data-id=\"979f5f7\" data-element_type=\"widget\" data-widget_type=\"text-editor.default\">\n\t\t\t\t<div class=\"elementor-widget-container\">\n\t\t\t\t\t\t\t\t\t\t\t\t\t<\/div>\n\t\t\t\t<\/div>\n\t\t\t\t\t<\/div>\n\t\t<\/div>\n\t\t\t\t\t\t\t<\/div>\n\t\t<\/section>\n\t\t\t\t<section class=\"elementor-section elementor-top-section elementor-element elementor-element-4c1c47b elementor-section-boxed elementor-section-height-default elementor-section-height-default\" data-id=\"4c1c47b\" data-element_type=\"section\">\n\t\t\t\t\t\t<div class=\"elementor-container elementor-column-gap-default\">\n\t\t\t\t\t<div class=\"elementor-column elementor-col-100 elementor-top-column elementor-element elementor-element-57f9614\" data-id=\"57f9614\" data-element_type=\"column\">\n\t\t\t<div class=\"elementor-widget-wrap\">\n\t\t\t\t\t\t\t\t\t<\/div>\n\t\t<\/div>\n\t\t\t\t\t\t\t<\/div>\n\t\t<\/section>\n\t\t\t\t\t\t\t<\/div>\n\t\t","protected":false},"excerpt":{"rendered":"<p>Vous trouverez sur cette page quelques id\u00e9es de sorties, de visites sportives ou culturelles. &nbsp; Id\u00e9es de sorties plein air Le Sud Gironde est une belle r\u00e9gion que vous pourrez d\u00e9couvrir \u00e0 pieds ou \u00e0 v\u00e9lo. &nbsp; &nbsp; &nbsp; La vall\u00e9e du t \u00e0 Gironde sur Dropt : Prenant sa source pr\u00e8s de&nbsp; Monpazier en [&hellip;]<\/p>\n","protected":false},"author":1,"featured_media":0,"parent":0,"menu_order":5,"comment_status":"closed","ping_status":"closed","template":"","meta":{"om_disable_all_campaigns":false,"_mi_skip_tracking":false,"site-sidebar-layout":"no-sidebar","site-content-layout":"page-builder","ast-site-content-layout":"default","site-content-style":"default","site-sidebar-style":"default","ast-global-header-display":"","ast-banner-title-visibility":"","ast-main-header-display":"","ast-hfb-above-header-display":"","ast-hfb-below-header-display":"","ast-hfb-mobile-header-display":"","site-post-title":"disabled","ast-breadcrumbs-content":"","ast-featured-img":"disabled","footer-sml-layout":"","theme-transparent-header-meta":"","adv-header-id-meta":"","stick-header-meta":"","header-above-stick-meta":"","header-main-stick-meta":"","header-below-stick-meta":"","astra-migrate-meta-layouts":"default","ast-page-background-enabled":"default","ast-page-background-meta":{"desktop":{"background-color":"var(--ast-global-color-4)","background-image":"","background-repeat":"repeat","background-position":"center center","background-size":"auto","background-attachment":"scroll","background-type":"","background-media":"","overlay-type":"","overlay-color":"","overlay-opacity":"","overlay-gradient":""},"tablet":{"background-color":"","background-image":"","background-repeat":"repeat","background-position":"center center","background-size":"auto","background-attachment":"scroll","background-type":"","background-media":"","overlay-type":"","overlay-color":"","overlay-opacity":"","overlay-gradient":""},"mobile":{"background-color":"","background-image":"","background-repeat":"repeat","background-position":"center center","background-size":"auto","background-attachment":"scroll","background-type":"","background-media":"","overlay-type":"","overlay-color":"","overlay-opacity":"","overlay-gradient":""}},"ast-content-background-meta":{"desktop":{"background-color":"var(--ast-global-color-5)","background-image":"","background-repeat":"repeat","background-position":"center center","background-size":"auto","background-attachment":"scroll","background-type":"","background-media":"","overlay-type":"","overlay-color":"","overlay-opacity":"","overlay-gradient":""},"tablet":{"background-color":"var(--ast-global-color-5)","background-image":"","background-repeat":"repeat","background-position":"center center","background-size":"auto","background-attachment":"scroll","background-type":"","background-media":"","overlay-type":"","overlay-color":"","overlay-opacity":"","overlay-gradient":""},"mobile":{"background-color":"var(--ast-global-color-5)","background-image":"","background-repeat":"repeat","background-position":"center center","background-size":"auto","background-attachment":"scroll","background-type":"","background-media":"","overlay-type":"","overlay-color":"","overlay-opacity":"","overlay-gradient":""}},"footnotes":""},"class_list":["post-132","page","type-page","status-publish","hentry"],"aioseo_notices":[],"_links":{"self":[{"href":"https:\/\/auxvieuxfours.com\/index.php?rest_route=\/wp\/v2\/pages\/132","targetHints":{"allow":["GET"]}}],"collection":[{"href":"https:\/\/auxvieuxfours.com\/index.php?rest_route=\/wp\/v2\/pages"}],"about":[{"href":"https:\/\/auxvieuxfours.com\/index.php?rest_route=\/wp\/v2\/types\/page"}],"author":[{"embeddable":true,"href":"https:\/\/auxvieuxfours.com\/index.php?rest_route=\/wp\/v2\/users\/1"}],"replies":[{"embeddable":true,"href":"https:\/\/auxvieuxfours.com\/index.php?rest_route=%2Fwp%2Fv2%2Fcomments&post=132"}],"version-history":[{"count":25,"href":"https:\/\/auxvieuxfours.com\/index.php?rest_route=\/wp\/v2\/pages\/132\/revisions"}],"predecessor-version":[{"id":587,"href":"https:\/\/auxvieuxfours.com\/index.php?rest_route=\/wp\/v2\/pages\/132\/revisions\/587"}],"wp:attachment":[{"href":"https:\/\/auxvieuxfours.com\/index.php?rest_route=%2Fwp%2Fv2%2Fmedia&parent=132"}],"curies":[{"name":"wp","href":"https:\/\/api.w.org\/{rel}","templated":true}]}}